{"id":2239,"date":"2024-05-24T15:04:19","date_gmt":"2024-05-24T13:04:19","guid":{"rendered":"https:\/\/www.eastpixel.de\/?page_id=2239"},"modified":"2024-11-21T15:41:18","modified_gmt":"2024-11-21T14:41:18","slug":"saboteur","status":"publish","type":"page","link":"https:\/\/www.eastpixel.de\/de\/saboteur\/","title":{"rendered":"SABOTEUR for NES\/Famicom"},"content":{"rendered":"<p><img decoding=\"async\" style=\"width: 98%;\" src=\"https:\/\/www.eastpixel.de\/wp-content\/uploads\/2024\/06\/EASTPIXEL-Saboteur-An-espionage-game-for-Nes-Title.png\" alt=\"SABOTEUR, an espionage game for NES\" \/><\/p>\n<hr \/>\n<p style=\"text-align: center;\"><strong>Hi to all readers of the british RETRO GAMER magazine. Nice to have you here.<br \/>\nSee blog post: <a href=\"https:\/\/www.eastpixel.de\/de\/2024\/11\/21\/my-game-saboteur-got-featured-in-the-british-retro-gamer-uk-266-magazine\/\">SABOTEUR got featured in RETRO GAMER UK (#266)<\/a><br \/>\n<\/strong><\/p>\n<hr \/>\n<h2>\u00dcber das Spiel<\/h2>\n<p><span class=\"css-1jxf684 r-bcqeeo r-1ttztb7 r-qvutc0 r-poiln3\">Das Spiel basiert lose auf dem gleichnamigen Klassiker von Clive Townsend aus dem Jahr 1985. Die Welt wird aus einzelnen R\u00e4umen bestehen (kein Scrolling), die frei miteinander verbunden sind. Es wird Barrieren, Feinde und sammelbare Gegenst\u00e4nde geben, die als Schl\u00fcssel oder Waffen verwendet werden k\u00f6nnen. Einer der gr\u00f6\u00dften Feinde ist die Zeit. Geplant sind zuf\u00e4llig verteilte Terminals, mit denen der Spieler die st\u00e4ndig tickende Uhr zur\u00fccksetzen oder bestimmte T\u00fcren aus der Ferne entriegeln kann. <\/span><span class=\"css-1jxf684 r-bcqeeo r-1ttztb7 r-qvutc0 r-poiln3\">Einige R\u00e4ume werden nicht linear, sondern zuf\u00e4llig miteinander verbunden sein.<\/span><\/p>\n<p><strong>Das Spiel ist seit Sommer 2024 in aktiver Entwicklung.<\/strong><\/p>\n<hr \/>\n<h2>Video: Erster Videotrailer mit Infos<\/h2>\n<p>Bitte auf das Bild klicken, um das Video abzuspielen.<\/p>\n<p><a href=\"https:\/\/www.youtube.com\/watch?v=uhOs8muW7-Q\"><img decoding=\"async\" class=\"aligncenter\" title=\"SABOTEUR. An espionage (metroidvania) game for NES (click to play the video)\" src=\"https:\/\/www.eastpixel.de\/wp-content\/uploads\/2024\/11\/SABOTEUR-First-Gametrailer-Cover-Website.jpg\" alt=\"SABOTEUR. An espionage (metroidvania) game for NES (click to play the video)\" \/><\/a><\/p>\n<hr \/>\n<p>&nbsp;<\/p>\n<h2>Screenshots<\/h2>\n<p>07. Oktober 2024: Work-in-progress-Screenshots<\/p>\n<div class=\"image-gallery\"><img decoding=\"async\" class=\"\" src=\"https:\/\/www.eastpixel.de\/wp-content\/uploads\/2024\/10\/eastpixel-saboteur-samplescreen-01.png\" alt=\"SABOTEUR, an espionage game for NES (EASTPIXEL), Screenshot from the game\" \/><img decoding=\"async\" class=\"\" src=\"https:\/\/www.eastpixel.de\/wp-content\/uploads\/2024\/10\/eastpixel-saboteur-samplescreen-02.png\" alt=\"SABOTEUR, an espionage game for NES (EASTPIXEL), Screenshot from the game\" \/><img decoding=\"async\" class=\"\" src=\"https:\/\/www.eastpixel.de\/wp-content\/uploads\/2024\/10\/eastpixel-saboteur-samplescreen-03.png\" alt=\"SABOTEUR, an espionage game for NES (EASTPIXEL), Screenshot from the game\" \/><img decoding=\"async\" class=\"\" src=\"https:\/\/www.eastpixel.de\/wp-content\/uploads\/2024\/10\/eastpixel-saboteur-samplescreen-04.png\" alt=\"SABOTEUR, an espionage game for NES (EASTPIXEL), Screenshot from the game\" \/><img decoding=\"async\" class=\"\" src=\"https:\/\/www.eastpixel.de\/wp-content\/uploads\/2024\/10\/eastpixel-saboteur-samplescreen-05.png\" alt=\"SABOTEUR, an espionage game for NES (EASTPIXEL), Screenshot from the game\" \/><\/div>\n<p>&nbsp;<\/p>\n<h2>Die Geschichte und das Ziel des Spiels<\/h2>\n<p>Ein ungenannter Diktator hat S\u00f6ldner als Schl\u00e4fer in Regierungen und an strategischen Orten auf der ganzen Welt eingeschleust.<\/p>\n<p>Die S\u00f6ldner wissen von ihren Aktivit\u00e4ten, aber nicht von ihren jeweiligen Zielen.<\/p>\n<p>Um die S\u00f6ldner zu aktivieren und ihnen ihre jeweiligen Aufgaben und Zeitpunkte (f\u00fcr Anschl\u00e4ge, f\u00fcr Spionage oder sonstige Aktionen) zuzuweisen, werden bestimmte Nachrichtentexte in (Print)medien ver\u00f6ffentlicht.<\/p>\n<p>Alle Informationen \u00fcber diese Nachrichtentexte (Zeitpunkt der Ver\u00f6ffentlichung, Ver\u00f6ffentlichungsorte, Name der Zeitungen\/Radiostation) werden in einer verschl\u00fcsselten Datenbank gespeichert.<\/p>\n<p>Der Schl\u00fcssel zu dieser Datenbank (in Form einer 12-Wort-Phrase) ist in einer Blockchain-Brieftasche gespeichert. Die 12-Wort-Phrase muss gefunden werden.<\/p>\n<p>&nbsp;<\/p>\n<h2><strong>Das Ziel des Spiels<\/strong><\/h2>\n<p>Finde den digitalen Schl\u00fcssel zur Datenbank und erhalte Informationen \u00fcber die S\u00f6ldnerauftr\u00e4ge, um sie zu verhindern. Finde sechs Zettel mit je zwei W\u00f6rtern (das ergibt eine 12-Wort-Phrase), die in einem Bunker unter einem Herrenhaus versteckt sind.<\/p>\n<p>Die 12-Wort-Phrase erm\u00f6glicht den Zugang zu einer Blockchain-Wallet, in der ein Passwort zum Entschl\u00fcsseln der Dokumente gespeichert ist.<\/p>\n<p><span class=\"css-1jxf684 r-bcqeeo r-1ttztb7 r-qvutc0 r-poiln3\">\u00a0<\/span><\/p>\n<p>&nbsp;<\/p>\n<h2>Die Hintergrundgeschichte dieses Projekts<\/h2>\n<p>1990 kam ein Schneider CPC 464 in unser Haus, urspr\u00fcnglich als Arbeitsstation meiner \u00e4lteren Schwester. Sie nutzte ihn ziemlich sporadisch, meistens als Schreibmaschinenersatz.<\/p>\n<p>Ich (damals neun Jahre alt) verliebte mich ziemlich schnell in diese Maschine und begann, neben dem Spielen zahlreicher Spiele, die wir als Kassetten von Freunden bekommen haben, darin, die im Handbuch abgedruckten BASIC-Befehle auszuprobieren. Es dauerte ein wenig, zu verstehen, was auf dem Bildschirm passiert, aber auch das Studieren verschiedener CPC-Printmagazine, samt abgedruckter Quelltexte, half dabei immer verr\u00fccktere Sachen zu testen.<\/p>\n<p>Wir waren zuf\u00e4llig auch im Besitz eines Dk'tronics Lightpen, also die Hemmschwelle niedrig, Grafiken in den Computer zu bekommen. Mein Ausprobieren wurde etwas sp\u00e4ter zum ersten eigenen Spieleprojekt namens Singh's Revenge. Vom Aufbau \u00e4hnlich wie \tRoberta und KenWilliams' Spiel Mystery House.<\/p>\n<p>In unserer kleinen Stadt gab es ein Elektrogesch\u00e4ft, in dem man zu dieser Zeit noch Spiele f\u00fcr den CPC bestellen konnte. Man erhielt eine mehrseitige Liste mit Spielenamen und Preisen und konnte aussuchen. Wieso genau ich damals SABOTEUR bestellt habe, wei\u00df ich nicht mehr. Vielleicht wurde in einem der Printmagazine davon berichtet, oder das Spiel war in der Liste besonders hervorgehoben.<\/p>\n<p>Was auch immer der Grund war, mit meinen zw\u00f6lf Jahren war ich fasziniert davon.<\/p>\n<p>&nbsp;<\/p>\n<p>&nbsp;<\/p>\n<h2>Weiterf\u00fchrende Links<\/h2>\n<ul>\n<li>itch.io: <a href=\"https:\/\/eastpixel.itch.io\/saboteur\" target=\"_blank\" rel=\"noopener\">https:\/\/eastpixel.itch.io\/saboteur<\/a><\/li>\n<\/ul>\n<p>&nbsp;<\/p>\n<h2>Galerie: Fr\u00fche Konzeptgrafiken<\/h2>\n<div class=\"image-gallery\"><img decoding=\"async\" class=\"\" src=\"https:\/\/www.eastpixel.de\/wp-content\/uploads\/2024\/06\/ninja-idle-5sec-demo.gif\" alt=\"SABOTEUR, an espionage game for NES (EASTPIXEL), Idle test animation\" \/><br \/>\n<img decoding=\"async\" class=\"\" src=\"https:\/\/www.eastpixel.de\/wp-content\/uploads\/2024\/06\/ninja-jumpkick-5sec-demo3.gif\" alt=\"SABOTEUR, an espionage game for NES (EASTPIXEL), Jump kick test animation\" \/><br \/>\n<img decoding=\"async\" class=\"\" src=\"https:\/\/www.eastpixel.de\/wp-content\/uploads\/2024\/06\/ninja-running-5sec-demo.gif\" alt=\"SABOTEUR, an espionage game for NES (EASTPIXEL), Walking test animation\" \/><\/div>","protected":false},"excerpt":{"rendered":"<p>Hi to all readers of the british RETRO GAMER magazine. Nice to have you here. See blog post: SABOTEUR got featured in RETRO GAMER UK (#266) About the game The game is loosely based on the 1985 classic of the same name by Clive Townsend. The world will consist of individual rooms (no scrolling) that <a href=\"https:\/\/www.eastpixel.de\/de\/saboteur\/\" class=\"more-link\">&#8230;<span class=\"screen-reader-text\">  SABOTEUR for NES\/Famicom<\/span><\/a><\/p>","protected":false},"author":1,"featured_media":0,"parent":0,"menu_order":0,"comment_status":"closed","ping_status":"closed","template":"","meta":{"footnotes":""},"class_list":["post-2239","page","type-page","status-publish","hentry"],"yoast_head":"<!-- This site is optimized with the Yoast SEO plugin v27.4 - https:\/\/yoast.com\/product\/yoast-seo-wordpress\/ -->\n<title>SABOTEUR for NES\/Famicom - EASTPIXEL Software<\/title>\n<meta name=\"robots\" content=\"index, follow, max-snippet:-1, max-image-preview:large, max-video-preview:-1\" \/>\n<link rel=\"canonical\" href=\"https:\/\/www.eastpixel.de\/de\/saboteur\/\" \/>\n<meta property=\"og:locale\" content=\"de_DE\" \/>\n<meta property=\"og:type\" content=\"article\" \/>\n<meta property=\"og:title\" content=\"SABOTEUR for NES\/Famicom\" \/>\n<meta property=\"og:description\" content=\"Hi to all readers of the british RETRO GAMER magazine. Nice to have you here. See blog post: SABOTEUR got featured in RETRO GAMER UK (#266) About the game The game is loosely based on the 1985 classic of the same name by Clive Townsend. The world will consist of individual rooms (no scrolling) that ... SABOTEUR for NES\/Famicom\" \/>\n<meta property=\"og:url\" content=\"https:\/\/www.eastpixel.de\/de\/saboteur\/\" \/>\n<meta property=\"og:site_name\" content=\"EASTPIXEL Software\" \/>\n<meta property=\"article:modified_time\" content=\"2024-11-21T14:41:18+00:00\" \/>\n<meta property=\"og:image\" content=\"https:\/\/www.eastpixel.de\/wp-content\/uploads\/2024\/10\/eastpixel-saboteur-social.png\" \/>\n\t<meta property=\"og:image:width\" content=\"1054\" \/>\n\t<meta property=\"og:image:height\" content=\"584\" \/>\n\t<meta property=\"og:image:type\" content=\"image\/png\" \/>\n<meta name=\"twitter:card\" content=\"summary_large_image\" \/>\n<meta name=\"twitter:label1\" content=\"Gesch\u00e4tzte Lesezeit\" \/>\n\t<meta name=\"twitter:data1\" content=\"3\u00a0Minuten\" \/>\n<script type=\"application\/ld+json\" class=\"yoast-schema-graph\">{\"@context\":\"https:\\\/\\\/schema.org\",\"@graph\":[{\"@type\":\"WebPage\",\"@id\":\"https:\\\/\\\/www.eastpixel.de\\\/saboteur\\\/\",\"url\":\"https:\\\/\\\/www.eastpixel.de\\\/saboteur\\\/\",\"name\":\"SABOTEUR for NES\\\/Famicom - EASTPIXEL Software\",\"isPartOf\":{\"@id\":\"https:\\\/\\\/www.eastpixel.de\\\/#website\"},\"primaryImageOfPage\":{\"@id\":\"https:\\\/\\\/www.eastpixel.de\\\/saboteur\\\/#primaryimage\"},\"image\":{\"@id\":\"https:\\\/\\\/www.eastpixel.de\\\/saboteur\\\/#primaryimage\"},\"thumbnailUrl\":\"https:\\\/\\\/www.eastpixel.de\\\/wp-content\\\/uploads\\\/2024\\\/06\\\/EASTPIXEL-Saboteur-An-espionage-game-for-Nes-Title.png\",\"datePublished\":\"2024-05-24T13:04:19+00:00\",\"dateModified\":\"2024-11-21T14:41:18+00:00\",\"breadcrumb\":{\"@id\":\"https:\\\/\\\/www.eastpixel.de\\\/saboteur\\\/#breadcrumb\"},\"inLanguage\":\"de\",\"potentialAction\":[{\"@type\":\"ReadAction\",\"target\":[\"https:\\\/\\\/www.eastpixel.de\\\/saboteur\\\/\"]}]},{\"@type\":\"ImageObject\",\"inLanguage\":\"de\",\"@id\":\"https:\\\/\\\/www.eastpixel.de\\\/saboteur\\\/#primaryimage\",\"url\":\"https:\\\/\\\/www.eastpixel.de\\\/wp-content\\\/uploads\\\/2024\\\/06\\\/EASTPIXEL-Saboteur-An-espionage-game-for-Nes-Title.png\",\"contentUrl\":\"https:\\\/\\\/www.eastpixel.de\\\/wp-content\\\/uploads\\\/2024\\\/06\\\/EASTPIXEL-Saboteur-An-espionage-game-for-Nes-Title.png\"},{\"@type\":\"BreadcrumbList\",\"@id\":\"https:\\\/\\\/www.eastpixel.de\\\/saboteur\\\/#breadcrumb\",\"itemListElement\":[{\"@type\":\"ListItem\",\"position\":1,\"name\":\"Startseite\",\"item\":\"https:\\\/\\\/www.eastpixel.de\\\/\"},{\"@type\":\"ListItem\",\"position\":2,\"name\":\"SABOTEUR for NES\\\/Famicom\"}]},{\"@type\":\"WebSite\",\"@id\":\"https:\\\/\\\/www.eastpixel.de\\\/#website\",\"url\":\"https:\\\/\\\/www.eastpixel.de\\\/\",\"name\":\"EASTPIXEL Software\",\"description\":\"We make videogames for old hardware.\",\"publisher\":{\"@id\":\"https:\\\/\\\/www.eastpixel.de\\\/#organization\"},\"potentialAction\":[{\"@type\":\"SearchAction\",\"target\":{\"@type\":\"EntryPoint\",\"urlTemplate\":\"https:\\\/\\\/www.eastpixel.de\\\/?s={search_term_string}\"},\"query-input\":{\"@type\":\"PropertyValueSpecification\",\"valueRequired\":true,\"valueName\":\"search_term_string\"}}],\"inLanguage\":\"de\"},{\"@type\":\"Organization\",\"@id\":\"https:\\\/\\\/www.eastpixel.de\\\/#organization\",\"name\":\"EASTPIXEL Software\",\"url\":\"https:\\\/\\\/www.eastpixel.de\\\/\",\"logo\":{\"@type\":\"ImageObject\",\"inLanguage\":\"de\",\"@id\":\"https:\\\/\\\/www.eastpixel.de\\\/#\\\/schema\\\/logo\\\/image\\\/\",\"url\":\"\",\"contentUrl\":\"\",\"caption\":\"EASTPIXEL Software\"},\"image\":{\"@id\":\"https:\\\/\\\/www.eastpixel.de\\\/#\\\/schema\\\/logo\\\/image\\\/\"}}]}<\/script>\n<!-- \/ Yoast SEO plugin. -->","yoast_head_json":{"title":"SABOTEUR for NES\/Famicom - EASTPIXEL Software","robots":{"index":"index","follow":"follow","max-snippet":"max-snippet:-1","max-image-preview":"max-image-preview:large","max-video-preview":"max-video-preview:-1"},"canonical":"https:\/\/www.eastpixel.de\/de\/saboteur\/","og_locale":"de_DE","og_type":"article","og_title":"SABOTEUR for NES\/Famicom","og_description":"Hi to all readers of the british RETRO GAMER magazine. Nice to have you here. See blog post: SABOTEUR got featured in RETRO GAMER UK (#266) About the game The game is loosely based on the 1985 classic of the same name by Clive Townsend. The world will consist of individual rooms (no scrolling) that ... SABOTEUR for NES\/Famicom","og_url":"https:\/\/www.eastpixel.de\/de\/saboteur\/","og_site_name":"EASTPIXEL Software","article_modified_time":"2024-11-21T14:41:18+00:00","og_image":[{"width":1054,"height":584,"url":"https:\/\/www.eastpixel.de\/wp-content\/uploads\/2024\/10\/eastpixel-saboteur-social.png","type":"image\/png"}],"twitter_card":"summary_large_image","twitter_misc":{"Gesch\u00e4tzte Lesezeit":"3\u00a0Minuten"},"schema":{"@context":"https:\/\/schema.org","@graph":[{"@type":"WebPage","@id":"https:\/\/www.eastpixel.de\/saboteur\/","url":"https:\/\/www.eastpixel.de\/saboteur\/","name":"SABOTEUR for NES\/Famicom - EASTPIXEL Software","isPartOf":{"@id":"https:\/\/www.eastpixel.de\/#website"},"primaryImageOfPage":{"@id":"https:\/\/www.eastpixel.de\/saboteur\/#primaryimage"},"image":{"@id":"https:\/\/www.eastpixel.de\/saboteur\/#primaryimage"},"thumbnailUrl":"https:\/\/www.eastpixel.de\/wp-content\/uploads\/2024\/06\/EASTPIXEL-Saboteur-An-espionage-game-for-Nes-Title.png","datePublished":"2024-05-24T13:04:19+00:00","dateModified":"2024-11-21T14:41:18+00:00","breadcrumb":{"@id":"https:\/\/www.eastpixel.de\/saboteur\/#breadcrumb"},"inLanguage":"de","potentialAction":[{"@type":"ReadAction","target":["https:\/\/www.eastpixel.de\/saboteur\/"]}]},{"@type":"ImageObject","inLanguage":"de","@id":"https:\/\/www.eastpixel.de\/saboteur\/#primaryimage","url":"https:\/\/www.eastpixel.de\/wp-content\/uploads\/2024\/06\/EASTPIXEL-Saboteur-An-espionage-game-for-Nes-Title.png","contentUrl":"https:\/\/www.eastpixel.de\/wp-content\/uploads\/2024\/06\/EASTPIXEL-Saboteur-An-espionage-game-for-Nes-Title.png"},{"@type":"BreadcrumbList","@id":"https:\/\/www.eastpixel.de\/saboteur\/#breadcrumb","itemListElement":[{"@type":"ListItem","position":1,"name":"Startseite","item":"https:\/\/www.eastpixel.de\/"},{"@type":"ListItem","position":2,"name":"SABOTEUR for NES\/Famicom"}]},{"@type":"WebSite","@id":"https:\/\/www.eastpixel.de\/#website","url":"https:\/\/www.eastpixel.de\/","name":"EASTPIXEL Software","description":"We make videogames for old hardware.","publisher":{"@id":"https:\/\/www.eastpixel.de\/#organization"},"potentialAction":[{"@type":"SearchAction","target":{"@type":"EntryPoint","urlTemplate":"https:\/\/www.eastpixel.de\/?s={search_term_string}"},"query-input":{"@type":"PropertyValueSpecification","valueRequired":true,"valueName":"search_term_string"}}],"inLanguage":"de"},{"@type":"Organization","@id":"https:\/\/www.eastpixel.de\/#organization","name":"EASTPIXEL Software","url":"https:\/\/www.eastpixel.de\/","logo":{"@type":"ImageObject","inLanguage":"de","@id":"https:\/\/www.eastpixel.de\/#\/schema\/logo\/image\/","url":"","contentUrl":"","caption":"EASTPIXEL Software"},"image":{"@id":"https:\/\/www.eastpixel.de\/#\/schema\/logo\/image\/"}}]}},"_links":{"self":[{"href":"https:\/\/www.eastpixel.de\/de\/wp-json\/wp\/v2\/pages\/2239","targetHints":{"allow":["GET"]}}],"collection":[{"href":"https:\/\/www.eastpixel.de\/de\/wp-json\/wp\/v2\/pages"}],"about":[{"href":"https:\/\/www.eastpixel.de\/de\/wp-json\/wp\/v2\/types\/page"}],"author":[{"embeddable":true,"href":"https:\/\/www.eastpixel.de\/de\/wp-json\/wp\/v2\/users\/1"}],"replies":[{"embeddable":true,"href":"https:\/\/www.eastpixel.de\/de\/wp-json\/wp\/v2\/comments?post=2239"}],"version-history":[{"count":10,"href":"https:\/\/www.eastpixel.de\/de\/wp-json\/wp\/v2\/pages\/2239\/revisions"}],"predecessor-version":[{"id":2407,"href":"https:\/\/www.eastpixel.de\/de\/wp-json\/wp\/v2\/pages\/2239\/revisions\/2407"}],"wp:attachment":[{"href":"https:\/\/www.eastpixel.de\/de\/wp-json\/wp\/v2\/media?parent=2239"}],"curies":[{"name":"wp","href":"https:\/\/api.w.org\/{rel}","templated":true}]}}